{"id":4436,"date":"2023-10-29T01:00:53","date_gmt":"2023-10-28T23:00:53","guid":{"rendered":"https:\/\/michaelfuchs.com\/heros-journey-booking-request\/"},"modified":"2025-04-17T13:04:49","modified_gmt":"2025-04-17T13:04:49","slug":"heros-journey-booking-request","status":"publish","type":"page","link":"https:\/\/michaelfuchs.com\/en\/heros-journey-booking-request\/","title":{"rendered":"Hero&#8217;s Journey booking request"},"content":{"rendered":"<style>.elementor-4436 .elementor-element.elementor-element-c2b89d6{--display:flex;--flex-direction:column;--container-widget-width:calc( ( 1 - var( --container-widget-flex-grow ) ) * 100% );--container-widget-height:initial;--container-widget-flex-grow:0;--container-widget-align-self:initial;--flex-wrap-mobile:wrap;--align-items:stretch;--gap:0px 0px;--row-gap:0px;--column-gap:0px;}.elementor-4436 .elementor-element.elementor-element-49d37ee6{--display:flex;--flex-direction:row;--container-widget-width:initial;--container-widget-height:100%;--container-widget-flex-grow:1;--container-widget-align-self:stretch;--flex-wrap-mobile:wrap;--gap:0px 0px;--row-gap:0px;--column-gap:0px;}.elementor-4436 .elementor-element.elementor-element-f4d5399{--display:flex;--margin-top:6px;--margin-bottom:50px;--margin-left:0px;--margin-right:20px;--padding-top:50px;--padding-bottom:50px;--padding-left:50px;--padding-right:50px;}.elementor-4436 .elementor-element.elementor-element-f4d5399:not(.elementor-motion-effects-element-type-background), .elementor-4436 .elementor-element.elementor-element-f4d5399 > .elementor-motion-effects-container > .elementor-motion-effects-layer{background-color:#F4F1EF;}.elementor-4436 .elementor-element.elementor-element-f4d5399.e-con{--flex-grow:0;--flex-shrink:0;}.elementor-4436 .elementor-element.elementor-element-358777d5 .fluentform-widget-wrapper{width:100%;}.elementor-4436 .elementor-element.elementor-element-358777d5 .fluentform-widget-wrapper .ff-el-input--label label{color:var( --e-global-color-text );font-family:var( --e-global-typography-primary-font-family ), Sans-serif;font-size:var( --e-global-typography-primary-font-size );font-weight:var( --e-global-typography-primary-font-weight );line-height:var( --e-global-typography-primary-line-height );letter-spacing:var( --e-global-typography-primary-letter-spacing );}.elementor-4436 .elementor-element.elementor-element-358777d5 .fluentform-widget-wrapper .ff-el-group{margin-bottom:15px;}.elementor-4436 .elementor-element.elementor-element-358777d5 .fluentform-widget-custom-radio-checkbox input[type=\"checkbox\"], .elementor-4436 .elementor-element.elementor-element-358777d5 .fluentform-widget-custom-radio-checkbox input[type=\"radio\"]{width:14px;height:14px;}.elementor-4436 .elementor-element.elementor-element-358777d5 .fluentform-widget-custom-radio-checkbox input[type=\"checkbox\"]:after, .elementor-4436 .elementor-element.elementor-element-358777d5 .fluentform-widget-custom-radio-checkbox input[type=\"radio\"]:after{border-radius:3px 3px 3px 3px;}.elementor-4436 .elementor-element.elementor-element-358777d5 .fluentform-widget-custom-radio-checkbox input[type=\"checkbox\"]:checked:after, .elementor-4436 .elementor-element.elementor-element-358777d5 .fluentform-widget-custom-radio-checkbox input[type=\"radio\"]:checked:after{background-color:var( --e-global-color-text );}.fluentform-widget-wrapper .ff-el-section-break .ff-el-section-title{font-family:var( --e-global-typography-accent-font-family ), Sans-serif;font-size:var( --e-global-typography-accent-font-size );font-weight:var( --e-global-typography-accent-font-weight );line-height:var( --e-global-typography-accent-line-height );}.elementor-4436 .elementor-element.elementor-element-358777d5 .fluentform-widget-wrapper .ff-table thead th{color:var( --e-global-color-text );background-color:var( --e-global-color-ff8683f );font-family:var( --e-global-typography-accent-font-family ), Sans-serif;font-size:var( --e-global-typography-accent-font-size );font-weight:var( --e-global-typography-accent-font-weight );line-height:var( --e-global-typography-accent-line-height );height:0px;padding:5px 5px 5px 5px;}.elementor-4436 .elementor-element.elementor-element-358777d5 .fluentform-widget-wrapper tbody>tr:nth-child(2n)>td{background-color:var( --e-global-color-ff8683f );}.elementor-4436 .elementor-element.elementor-element-358777d5 .fluentform-widget-wrapper .ff-table tbody tr td{font-family:var( --e-global-typography-text-font-family ), Sans-serif;font-size:var( --e-global-typography-text-font-size );font-weight:var( --e-global-typography-text-font-weight );line-height:var( --e-global-typography-text-line-height );}.elementor-4436 .elementor-element.elementor-element-358777d5 .fluentform-widget-wrapper .fluent-address label{color:var( --e-global-color-text );}.elementor-4436 .elementor-element.elementor-element-358777d5 .fluentform-widget-wrapper .ff-el-group .ff-btn-submit{background-color:var( --e-global-color-accent );color:var( --e-global-color-text );font-family:\"Work Sans\", Sans-serif;font-weight:500;}.elementor-4436 .elementor-element.elementor-element-358777d5 .fluentform-widget-wrapper .ff-el-group .ff-btn-submit:hover{background-color:var( --e-global-color-text );color:var( --e-global-color-accent );}.elementor-4436 .elementor-element.elementor-element-13689c04{--display:flex;--flex-direction:column;--container-widget-width:100%;--container-widget-height:initial;--container-widget-flex-grow:0;--container-widget-align-self:initial;--flex-wrap-mobile:wrap;}@media(max-width:1024px){.elementor-4436 .elementor-element.elementor-element-358777d5 .fluentform-widget-wrapper .ff-el-input--label label{font-size:var( --e-global-typography-primary-font-size );line-height:var( --e-global-typography-primary-line-height );letter-spacing:var( --e-global-typography-primary-letter-spacing );}.fluentform-widget-wrapper .ff-el-section-break .ff-el-section-title{font-size:var( --e-global-typography-accent-font-size );line-height:var( --e-global-typography-accent-line-height );}.elementor-4436 .elementor-element.elementor-element-358777d5 .fluentform-widget-wrapper .ff-table thead th{font-size:var( --e-global-typography-accent-font-size );line-height:var( --e-global-typography-accent-line-height );}.elementor-4436 .elementor-element.elementor-element-358777d5 .fluentform-widget-wrapper .ff-table tbody tr td{font-size:var( --e-global-typography-text-font-size );line-height:var( --e-global-typography-text-line-height );}}@media(max-width:767px){.elementor-4436 .elementor-element.elementor-element-49d37ee6{--padding-top:0px;--padding-bottom:0px;--padding-left:0px;--padding-right:0px;}.elementor-4436 .elementor-element.elementor-element-f4d5399{--margin-top:0px;--margin-bottom:0px;--margin-left:0px;--margin-right:0px;--padding-top:15px;--padding-bottom:15px;--padding-left:15px;--padding-right:15px;}.elementor-4436 .elementor-element.elementor-element-358777d5 .fluentform-widget-wrapper .ff-el-input--label label{font-size:var( --e-global-typography-primary-font-size );line-height:var( --e-global-typography-primary-line-height );letter-spacing:var( --e-global-typography-primary-letter-spacing );}.fluentform-widget-wrapper .ff-el-section-break .ff-el-section-title{font-size:var( --e-global-typography-accent-font-size );line-height:var( --e-global-typography-accent-line-height );}.elementor-4436 .elementor-element.elementor-element-358777d5 .fluentform-widget-wrapper .ff-table thead th{font-size:var( --e-global-typography-accent-font-size );line-height:var( --e-global-typography-accent-line-height );}.elementor-4436 .elementor-element.elementor-element-358777d5 .fluentform-widget-wrapper .ff-table tbody tr td{font-size:var( --e-global-typography-text-font-size );line-height:var( --e-global-typography-text-line-height );}.elementor-4436 .elementor-element.elementor-element-13689c04{--margin-top:10px;--margin-bottom:10px;--margin-left:0px;--margin-right:0px;--padding-top:0px;--padding-bottom:0px;--padding-left:0px;--padding-right:0px;}}@media(min-width:768px){.elementor-4436 .elementor-element.elementor-element-f4d5399{--width:72.428%;}}\/* Start custom CSS for text-editor, class: .elementor-element-6757321 *\/.entry-content p {\n    margin-bottom: 0.7em;\n}\n.h1, .entry-content h1 {\n    line-height: 1.1em;\n}\/* End custom CSS *\/\n\/* Start custom CSS for fluent-form-widget, class: .elementor-element-358777d5 *\/.elementor-911 .elementor-element.elementor-element-546839d .fluentform-widget-wrapper .ff-table thead th {\n    color: var(--e-global-color-text);\n    background-color: var(--e-global-color-ff8683f);\n    font-family: var(--e-global-typography-accent-font-family), Sans-serif;\n    font-weight: var(--e-global-typography-accent-font-weight);\n    height: 0px;\n    padding: 5px 20px 5px 20px;\n}\/* End custom CSS *\/\n\/* Start custom CSS for container, class: .elementor-element-c2b89d6 *\/#fluentform_5 > fieldset > div.ff-el-group.ff-payment_summary_component.summary > div > div.ff_payment_summary > table {background-color: #F4F1EF}\/* End custom CSS *\/<\/style>\t\t<div data-elementor-type=\"wp-page\" data-elementor-id=\"4436\" class=\"elementor elementor-4436\" data-elementor-post-type=\"page\">\n\t\t\t\t<div class=\"elementor-element elementor-element-c2b89d6 e-flex e-con-boxed e-con e-parent\" data-id=\"c2b89d6\" data-element_type=\"container\" data-e-type=\"container\">\n\t\t\t\t\t<div class=\"e-con-inner\">\n\t\t<div class=\"elementor-element elementor-element-49d37ee6 e-flex e-con-boxed e-con e-child\" data-id=\"49d37ee6\" data-element_type=\"container\" data-e-type=\"container\">\n\t\t\t\t\t<div class=\"e-con-inner\">\n\t\t<div class=\"elementor-element elementor-element-f4d5399 e-con-full e-flex e-con e-child\" data-id=\"f4d5399\" data-element_type=\"container\" data-e-type=\"container\" data-settings=\"{&quot;background_background&quot;:&quot;classic&quot;}\">\n\t\t\t\t<div class=\"elementor-element elementor-element-6757321 elementor-widget elementor-widget-text-editor\" data-id=\"6757321\" data-element_type=\"widget\" data-e-type=\"widget\" data-widget_type=\"text-editor.default\">\n\t\t\t\t<div class=\"elementor-widget-container\">\n\t\t\t\t\t\t\t\t\t<h1>Booking request for the next hero&#8217;s journey<\/h1>\n<h4>Dates: 28 &#8211; 30.11.2025<\/h4>\n<p><b>Start: <\/b>Friday, 28.11.2025 at 09:00 a.m. <br \/><b style=\"font-style: inherit; font-family: var( --e-global-typography-text-font-family ), Sans-serif; text-align: var(--text-align);\">End: <\/b><span style=\"font-style: inherit; color: var( --e-global-color-text ); font-family: var( --e-global-typography-text-font-family ), Sans-serif; text-align: var(--text-align);\">Sunday, &#8211; 30.11.2025, 16:00 p.m. <\/span> <\/p>\n<p><b>Location: <\/b>Gaia &#8211; Retreat House near Kassel<\/p>\n<p><span style=\"font-style: inherit; color: var( --e-global-color-text ); font-family: var( --e-global-typography-text-font-family ), Sans-serif; background-color: var( --e-global-color-ff8683f ); text-align: var(--text-align);\"><b>Contents:<\/b><\/span><span style=\"font-style: inherit; font-weight: inherit; color: var( --e-global-color-text ); font-family: var( --e-global-typography-text-font-family ), Sans-serif; background-color: var( --e-global-color-ff8683f ); text-align: var(--text-align);\"> Workbook and live calls for preparation and follow-up, 2.5 retreat days, workshop documents, catering, snacks &amp; drinks during breaks.<\/span><\/p>\n<p><b>Price:<\/b> Participation fee for Integral Hero&#8217;s Journey per person \u20ac 1,200<br \/>Plus accommodation and catering costs <br \/>in a dormitory: \u20ac 392<br \/>in a double room: \u20ac 494<br \/>in a single room: \u20ac 570<br \/>All prices  <span style=\"font-family: var( --e-global-typography-text-font-family ), Sans-serif; font-weight: var( --e-global-typography-text-font-weight ); text-align: var(--text-align); font-size: 1rem;\">incl. VAT<\/span><\/p>\n<p><b>What you organize yourself: <\/b>Arrival and departure.<\/p>\n<p><b>Overnight stay &amp; meals: <\/b>On site. Details will follow. <\/p>\n<p><b style=\"font-style: inherit; color: var( --e-global-color-text ); font-family: var( --e-global-typography-text-font-family ), Sans-serif; text-align: var(--text-align);\">Group size: <\/b><span style=\"font-style: inherit; font-weight: inherit; color: var( --e-global-color-text ); font-family: var( --e-global-typography-text-font-family ), Sans-serif; text-align: var(--text-align);\">The number of participants is limited to 12 people.<\/span><\/p>\n<p><strong>Language:<\/strong> The workshop language is German.<\/p>\n\t\t\t\t\t\t\t\t<\/div>\n\t\t\t\t<\/div>\n\t\t\t\t<div class=\"elementor-element elementor-element-358777d5 fluent-form-widget-step-header-yes fluent-form-widget-step-progressbar-yes fluentform-widget-submit-button-custom elementor-widget elementor-widget-fluent-form-widget\" data-id=\"358777d5\" data-element_type=\"widget\" data-e-type=\"widget\" data-widget_type=\"fluent-form-widget.default\">\n\t\t\t\t<div class=\"elementor-widget-container\">\n\t\t\t\t\t\n            <div class=\"fluentform-widget-wrapper fluentform-widget-custom-radio-checkbox fluentform-widget-align-default\">\n\n            \n            <div id='ff_form_25' class='ff_form_not_render'>Die Heldenreise ist ausgebucht. \nBitte kontaktiere mich per E-Mail, um dich auf die Warteliste zu setzen.\nDer Termin f\u00fcr die n\u00e4chste Heldenreise wird \u00fcber den Newsletter bekannt gegeben.<\/div>            <\/div>\n\n            \t\t\t\t<\/div>\n\t\t\t\t<\/div>\n\t\t\t\t<\/div>\n\t\t<div class=\"elementor-element elementor-element-13689c04 e-flex e-con-boxed e-con e-child\" data-id=\"13689c04\" data-element_type=\"container\" data-e-type=\"container\">\n\t\t\t\t\t<div class=\"e-con-inner\">\n\t\t\t\t<div class=\"elementor-element elementor-element-4dc5a039 elementor-widget elementor-widget-image\" data-id=\"4dc5a039\" data-element_type=\"widget\" data-e-type=\"widget\" data-widget_type=\"image.default\">\n\t\t\t\t<div class=\"elementor-widget-container\">\n\t\t\t\t\t\t\t\t\t\t\t\t\t\t\t<img fetchpriority=\"high\" decoding=\"async\" width=\"800\" height=\"800\" src=\"https:\/\/michaelfuchs.com\/wp-content\/uploads\/2023\/10\/12.png\" class=\"attachment-large size-large wp-image-4135\" alt=\"\" srcset=\"https:\/\/michaelfuchs.com\/wp-content\/uploads\/2023\/10\/12.png 1000w, https:\/\/michaelfuchs.com\/wp-content\/uploads\/2023\/10\/12-300x300.png 300w, https:\/\/michaelfuchs.com\/wp-content\/uploads\/2023\/10\/12-150x150.png 150w, https:\/\/michaelfuchs.com\/wp-content\/uploads\/2023\/10\/12-768x768.png 768w, https:\/\/michaelfuchs.com\/wp-content\/uploads\/2023\/10\/12-600x600.png 600w, https:\/\/michaelfuchs.com\/wp-content\/uploads\/2023\/10\/12-100x100.png 100w\" sizes=\"(max-width: 800px) 100vw, 800px\" \/>\t\t\t\t\t\t\t\t\t\t\t\t\t\t\t<\/div>\n\t\t\t\t<\/div>\n\t\t\t\t<div class=\"elementor-element elementor-element-17bc1ae0 elementor-widget elementor-widget-text-editor\" data-id=\"17bc1ae0\" data-element_type=\"widget\" data-e-type=\"widget\" data-widget_type=\"text-editor.default\">\n\t\t\t\t<div class=\"elementor-widget-container\">\n\t\t\t\t\t\t\t\t\t<p>Further information on the hero&#8217;s journey: <a href=\"https:\/\/michaelfuchs.com\/en\/heros-journey\/\" target=\"_blank\" rel=\"noopener\">here<\/a>.<\/p>\n\t\t\t\t\t\t\t\t<\/div>\n\t\t\t\t<\/div>\n\t\t\t\t\t<\/div>\n\t\t\t\t<\/div>\n\t\t\t\t\t<\/div>\n\t\t\t\t<\/div>\n\t\t\t\t\t<\/div>\n\t\t\t\t<\/div>\n\t\t\t\t<\/div>\n\t\t","protected":false},"excerpt":{"rendered":"<p>Booking request for the next hero&#8217;s journey Dates: 28 &#8211; 30.11.2025 Start: Friday, 28.11.2025 at 09:00 a.m. End: Sunday, &#8211; 30.11.2025, 16:00 p.m. Location: Gaia &#8211; Retreat House near Kassel Contents: Workbook and live calls for preparation and follow-up, 2.5 retreat days, workshop documents, catering, snacks &amp; drinks during breaks. Price: Participation fee for Integral [&hellip;]<\/p>\n","protected":false},"author":1,"featured_media":0,"parent":0,"menu_order":0,"comment_status":"closed","ping_status":"closed","template":"","meta":{"footnotes":""},"class_list":["post-4436","page","type-page","status-publish","hentry"],"jetpack_sharing_enabled":true,"_links":{"self":[{"href":"https:\/\/michaelfuchs.com\/en\/wp-json\/wp\/v2\/pages\/4436","targetHints":{"allow":["GET"]}}],"collection":[{"href":"https:\/\/michaelfuchs.com\/en\/wp-json\/wp\/v2\/pages"}],"about":[{"href":"https:\/\/michaelfuchs.com\/en\/wp-json\/wp\/v2\/types\/page"}],"author":[{"embeddable":true,"href":"https:\/\/michaelfuchs.com\/en\/wp-json\/wp\/v2\/users\/1"}],"replies":[{"embeddable":true,"href":"https:\/\/michaelfuchs.com\/en\/wp-json\/wp\/v2\/comments?post=4436"}],"version-history":[{"count":30,"href":"https:\/\/michaelfuchs.com\/en\/wp-json\/wp\/v2\/pages\/4436\/revisions"}],"predecessor-version":[{"id":6058,"href":"https:\/\/michaelfuchs.com\/en\/wp-json\/wp\/v2\/pages\/4436\/revisions\/6058"}],"wp:attachment":[{"href":"https:\/\/michaelfuchs.com\/en\/wp-json\/wp\/v2\/media?parent=4436"}],"curies":[{"name":"wp","href":"https:\/\/api.w.org\/{rel}","templated":true}]}}